{"id":796,"date":"2024-12-03T13:08:37","date_gmt":"2024-12-03T13:08:37","guid":{"rendered":"https:\/\/sodiataviation-stg.behoririka.mg\/?page_id=796"},"modified":"2025-06-03T05:53:29","modified_gmt":"2025-06-03T05:53:29","slug":"contactez-nous","status":"publish","type":"page","link":"https:\/\/sodiat-aviation.com\/en\/contactez-nous\/","title":{"rendered":"Contact us"},"content":{"rendered":"<div data-elementor-type=\"wp-page\" data-elementor-id=\"796\" class=\"elementor elementor-796\" data-elementor-post-type=\"page\">\n\t\t\t\t<div class=\"elementor-element elementor-element-41e5a729 e-con-full e-flex e-con e-parent\" data-id=\"41e5a729\" data-element_type=\"container\" data-settings=\"{&quot;background_background&quot;:&quot;classic&quot;}\">\n\t\t\t\t<div class=\"elementor-element elementor-element-1aad4374 animated-slow elementor-invisible elementor-widget elementor-widget-heading\" data-id=\"1aad4374\" data-element_type=\"widget\" data-settings=\"{&quot;_animation&quot;:&quot;slideInUp&quot;}\" data-widget_type=\"heading.default\">\n\t\t\t\t<div class=\"elementor-widget-container\">\n\t\t\t\t\t<h2 class=\"elementor-heading-title elementor-size-default\">Contact us<\/h2>\t\t\t\t<\/div>\n\t\t\t\t<\/div>\n\t\t<div class=\"elementor-element elementor-element-107cc05b e-con-full e-flex e-con e-child\" data-id=\"107cc05b\" data-element_type=\"container\">\n\t\t<div class=\"elementor-element elementor-element-170f28fa e-con-full e-flex e-con e-child\" data-id=\"170f28fa\" data-element_type=\"container\">\n\t\t\t\t<div class=\"elementor-element elementor-element-bc0eb72 elementor-widget elementor-widget-heading\" data-id=\"bc0eb72\" data-element_type=\"widget\" data-widget_type=\"heading.default\">\n\t\t\t\t<div class=\"elementor-widget-container\">\n\t\t\t\t\t<h2 class=\"elementor-heading-title elementor-size-default\">Discutons ensemble de votre prochaine destination<\/h2>\t\t\t\t<\/div>\n\t\t\t\t<\/div>\n\t\t\t\t<div class=\"elementor-element elementor-element-7fcb12cb elementor-button-align-start elementor-tablet-button-align-stretch elementor-widget elementor-widget-form\" data-id=\"7fcb12cb\" data-element_type=\"widget\" data-settings=\"{&quot;button_width_tablet&quot;:&quot;100&quot;,&quot;step_next_label&quot;:&quot;Next&quot;,&quot;step_previous_label&quot;:&quot;Previous&quot;,&quot;button_width&quot;:&quot;100&quot;,&quot;step_type&quot;:&quot;number_text&quot;,&quot;step_icon_shape&quot;:&quot;circle&quot;}\" data-widget_type=\"form.default\">\n\t\t\t\t<div class=\"elementor-widget-container\">\n\t\t\t\t\t\t\t<form class=\"elementor-form\" method=\"post\" name=\"Contact Us\" action=\"\">\n\t\t\t<input type=\"hidden\" name=\"post_id\" value=\"796\"\/>\n\t\t\t<input type=\"hidden\" name=\"form_id\" value=\"7fcb12cb\"\/>\n\t\t\t<input type=\"hidden\" name=\"referer_title\" value=\"Contactez-nous - Sodiat Aviation\" \/>\n\n\t\t\t\t\t\t\t<input type=\"hidden\" name=\"queried_id\" value=\"796\"\/>\n\t\t\t\n\t\t\t<div class=\"elementor-form-fields-wrapper elementor-labels-\">\n\t\t\t\t\t\t\t\t<div class=\"elementor-field-type-text elementor-field-group elementor-column elementor-field-group-name elementor-col-100 elementor-md-50\">\n\t\t\t\t\t\t\t\t\t\t\t\t<label for=\"form-field-name\" class=\"elementor-field-label elementor-screen-only\">\n\t\t\t\t\t\t\t\tFull name\t\t\t\t\t\t\t<\/label>\n\t\t\t\t\t\t\t\t\t\t\t\t\t\t<input size=\"1\" type=\"text\" name=\"form_fields[name]\" id=\"form-field-name\" class=\"elementor-field elementor-size-sm  elementor-field-textual\" placeholder=\"Full name\">\n\t\t\t\t\t\t\t\t\t\t\t<\/div>\n\t\t\t\t\t\t\t\t<div class=\"elementor-field-type-tel elementor-field-group elementor-column elementor-field-group-field_719ed13 elementor-col-100 elementor-md-50 elementor-field-required\">\n\t\t\t\t\t\t\t\t\t\t\t\t<label for=\"form-field-field_719ed13\" class=\"elementor-field-label elementor-screen-only\">\n\t\t\t\t\t\t\t\tPhone number\t\t\t\t\t\t\t<\/label>\n\t\t\t\t\t\t\t\t<input size=\"1\" type=\"tel\" name=\"form_fields[field_719ed13]\" id=\"form-field-field_719ed13\" class=\"elementor-field elementor-size-sm  elementor-field-textual\" placeholder=\"Phone number\" required=\"required\" pattern=\"[0-9()#&amp;+*-=.]+\" title=\"Seuls les caract\u00e8res de num\u00e9ros de t\u00e9l\u00e9phone (#, -, *, etc.) sont accept\u00e9s.\">\n\n\t\t\t\t\t\t<\/div>\n\t\t\t\t\t\t\t\t<div class=\"elementor-field-type-select elementor-field-group elementor-column elementor-field-group-field_a85cfec elementor-col-100 elementor-field-required\">\n\t\t\t\t\t\t\t\t\t\t\t\t<label for=\"form-field-field_a85cfec\" class=\"elementor-field-label elementor-screen-only\">\n\t\t\t\t\t\t\t\tType of service needed\t\t\t\t\t\t\t<\/label>\n\t\t\t\t\t\t\t\t<div class=\"elementor-field elementor-select-wrapper remove-before\">\n\t\t\t<div class=\"select-caret-down-wrapper\">\n\t\t\t\t<svg aria-hidden=\"true\" class=\"e-font-icon-svg e-eicon-caret-down\" viewbox=\"0 0 571.4 571.4\" xmlns=\"http:\/\/www.w3.org\/2000\/svg\"><path d=\"M571 393Q571 407 561 418L311 668Q300 679 286 679T261 668L11 418Q0 407 0 393T11 368 36 357H536Q550 357 561 368T571 393Z\"><\/path><\/svg>\t\t\t<\/div>\n\t\t\t<select name=\"form_fields[field_a85cfec]\" id=\"form-field-field_a85cfec\" class=\"elementor-field-textual elementor-size-sm\" required=\"required\">\n\t\t\t\t\t\t\t\t\t<option value=\"select\">Type of service needed<\/option>\n\t\t\t\t\t\t\t\t\t<option value=\"avion_prive\">Private plane<\/option>\n\t\t\t\t\t\t\t\t\t<option value=\"evasan\">Medievac<\/option>\n\t\t\t\t\t\t\t\t\t<option value=\"tourisme_vip\">VIP TOURISM<\/option>\n\t\t\t\t\t\t\t\t\t<option value=\"traveaux_aeriens\">Aerial works<\/option>\n\t\t\t\t\t\t\t\t\t<option value=\"autres\">Other<\/option>\n\t\t\t\t\t\t\t<\/select>\n\t\t<\/div>\n\t\t\t\t\t\t<\/div>\n\t\t\t\t\t\t\t\t<div class=\"elementor-field-type-email elementor-field-group elementor-column elementor-field-group-email elementor-col-100 elementor-md-100 elementor-field-required\">\n\t\t\t\t\t\t\t\t\t\t\t\t<label for=\"form-field-email\" class=\"elementor-field-label elementor-screen-only\">\n\t\t\t\t\t\t\t\tEmail\t\t\t\t\t\t\t<\/label>\n\t\t\t\t\t\t\t\t\t\t\t\t\t\t<input size=\"1\" type=\"email\" name=\"form_fields[email]\" id=\"form-field-email\" class=\"elementor-field elementor-size-sm  elementor-field-textual\" placeholder=\"* E-mail adress\" required=\"required\">\n\t\t\t\t\t\t\t\t\t\t\t<\/div>\n\t\t\t\t\t\t\t\t<div class=\"elementor-field-type-textarea elementor-field-group elementor-column elementor-field-group-field_bcb7f56 elementor-col-100\">\n\t\t\t\t\t\t\t\t\t\t\t\t<label for=\"form-field-field_bcb7f56\" class=\"elementor-field-label elementor-screen-only\">\n\t\t\t\t\t\t\t\tYour message\t\t\t\t\t\t\t<\/label>\n\t\t\t\t\t\t<textarea class=\"elementor-field-textual elementor-field  elementor-size-sm\" name=\"form_fields[field_bcb7f56]\" id=\"form-field-field_bcb7f56\" rows=\"4\" placeholder=\"Your message\"><\/textarea>\t\t\t\t<\/div>\n\t\t\t\t\t\t\t\t<div class=\"elementor-field-type-recaptcha_v3 elementor-field-group elementor-column elementor-field-group-field_0166879 elementor-col-100 recaptcha_v3-bottomright\">\n\t\t\t\t\t<div class=\"elementor-field\" id=\"form-field-field_0166879\"><div class=\"elementor-g-recaptcha\" data-sitekey=\"6LdLD1QrAAAAAGJ-G5lZ0InmqP6vw3EQMQcR16St\" data-type=\"v3\" data-action=\"Form\" data-badge=\"bottomright\" data-size=\"invisible\"><\/div><\/div>\t\t\t\t<\/div>\n\t\t\t\t\t\t\t\t<div class=\"elementor-field-group elementor-column elementor-field-type-submit elementor-col-100 e-form__buttons elementor-md-100\">\n\t\t\t\t\t<button class=\"elementor-button elementor-size-sm\" type=\"submit\">\n\t\t\t\t\t\t<span class=\"elementor-button-content-wrapper\">\n\t\t\t\t\t\t\t\t\t\t\t\t\t\t\t\t\t\t\t\t\t\t<span class=\"elementor-button-text\">Envoyer<\/span>\n\t\t\t\t\t\t\t\t\t\t\t\t\t<\/span>\n\t\t\t\t\t<\/button>\n\t\t\t\t<\/div>\n\t\t\t<\/div>\n\t\t<input type=\"hidden\" name=\"trp-form-language\" value=\"en\"\/><\/form>\n\t\t\t\t\t\t<\/div>\n\t\t\t\t<\/div>\n\t\t\t\t<\/div>\n\t\t\t\t<div class=\"elementor-element elementor-element-5846a987 elementor-widget elementor-widget-image\" data-id=\"5846a987\" data-element_type=\"widget\" data-widget_type=\"image.default\">\n\t\t\t\t<div class=\"elementor-widget-container\">\n\t\t\t\t\t\t\t\t\t\t\t\t\t\t\t<img fetchpriority=\"high\" decoding=\"async\" width=\"780\" height=\"520\" src=\"https:\/\/sodiat-aviation.com\/wp-content\/uploads\/2024\/10\/TOA-SKY.png\" class=\"attachment-large size-large wp-image-399\" alt=\"\" srcset=\"https:\/\/sodiat-aviation.com\/wp-content\/uploads\/2024\/10\/TOA-SKY.png 780w, https:\/\/sodiat-aviation.com\/wp-content\/uploads\/2024\/10\/TOA-SKY-300x200.png 300w, https:\/\/sodiat-aviation.com\/wp-content\/uploads\/2024\/10\/TOA-SKY-768x512.png 768w, https:\/\/sodiat-aviation.com\/wp-content\/uploads\/2024\/10\/TOA-SKY-18x12.png 18w\" sizes=\"(max-width: 780px) 100vw, 780px\" \/>\t\t\t\t\t\t\t\t\t\t\t\t\t\t\t<\/div>\n\t\t\t\t<\/div>\n\t\t\t\t<\/div>\n\t\t\t\t<\/div>\n\t\t\t\t<\/div>","protected":false},"excerpt":{"rendered":"<p>Contactez-nous Discutons ensemble de votre prochaine destination<\/p>","protected":false},"author":1,"featured_media":0,"parent":0,"menu_order":0,"comment_status":"closed","ping_status":"closed","template":"elementor_header_footer","meta":{"footnotes":""},"class_list":["post-796","page","type-page","status-publish","hentry"],"yoast_head":"<!-- This site is optimized with the Yoast SEO plugin v25.3.1 - https:\/\/yoast.com\/wordpress\/plugins\/seo\/ -->\n<title>Contactez-nous - Sodiat Aviation<\/title>\n<meta name=\"description\" content=\"Discutons ensemble de votre prochaine destination\" \/>\n<meta name=\"robots\" content=\"index, follow, max-snippet:-1, max-image-preview:large, max-video-preview:-1\" \/>\n<link rel=\"canonical\" href=\"https:\/\/sodiat-aviation.com\/en\/contactez-nous\/\" \/>\n<meta property=\"og:locale\" content=\"en_GB\" \/>\n<meta property=\"og:type\" content=\"article\" \/>\n<meta property=\"og:title\" content=\"Contactez-nous - Sodiat Aviation\" \/>\n<meta property=\"og:description\" content=\"Discutons ensemble de votre prochaine destination\" \/>\n<meta property=\"og:url\" content=\"https:\/\/sodiat-aviation.com\/en\/contactez-nous\/\" \/>\n<meta property=\"og:site_name\" content=\"Sodiat Aviation\" \/>\n<meta property=\"article:modified_time\" content=\"2025-06-03T05:53:29+00:00\" \/>\n<meta property=\"og:image\" content=\"https:\/\/sodiat-aviation.com\/wp-content\/uploads\/2024\/10\/TOA-SKY.png\" \/>\n\t<meta property=\"og:image:width\" content=\"780\" \/>\n\t<meta property=\"og:image:height\" content=\"520\" \/>\n\t<meta property=\"og:image:type\" content=\"image\/png\" \/>\n<meta name=\"twitter:card\" content=\"summary_large_image\" \/>\n<meta name=\"twitter:label1\" content=\"Estimated reading time\" \/>\n\t<meta name=\"twitter:data1\" content=\"1 minute\" \/>\n<script type=\"application\/ld+json\" class=\"yoast-schema-graph\">{\"@context\":\"https:\/\/schema.org\",\"@graph\":[{\"@type\":\"WebPage\",\"@id\":\"https:\/\/sodiat-aviation.com\/contactez-nous\/\",\"url\":\"https:\/\/sodiat-aviation.com\/contactez-nous\/\",\"name\":\"Contactez-nous - Sodiat Aviation\",\"isPartOf\":{\"@id\":\"https:\/\/sodiat-aviation.com\/#website\"},\"primaryImageOfPage\":{\"@id\":\"https:\/\/sodiat-aviation.com\/contactez-nous\/#primaryimage\"},\"image\":{\"@id\":\"https:\/\/sodiat-aviation.com\/contactez-nous\/#primaryimage\"},\"thumbnailUrl\":\"https:\/\/sodiat-aviation.com\/wp-content\/uploads\/2024\/10\/TOA-SKY.png\",\"datePublished\":\"2024-12-03T13:08:37+00:00\",\"dateModified\":\"2025-06-03T05:53:29+00:00\",\"description\":\"Discutons ensemble de votre prochaine destination\",\"breadcrumb\":{\"@id\":\"https:\/\/sodiat-aviation.com\/contactez-nous\/#breadcrumb\"},\"inLanguage\":\"en-GB\",\"potentialAction\":[{\"@type\":\"ReadAction\",\"target\":[\"https:\/\/sodiat-aviation.com\/contactez-nous\/\"]}]},{\"@type\":\"ImageObject\",\"inLanguage\":\"en-GB\",\"@id\":\"https:\/\/sodiat-aviation.com\/contactez-nous\/#primaryimage\",\"url\":\"https:\/\/sodiat-aviation.com\/wp-content\/uploads\/2024\/10\/TOA-SKY.png\",\"contentUrl\":\"https:\/\/sodiat-aviation.com\/wp-content\/uploads\/2024\/10\/TOA-SKY.png\"},{\"@type\":\"BreadcrumbList\",\"@id\":\"https:\/\/sodiat-aviation.com\/contactez-nous\/#breadcrumb\",\"itemListElement\":[{\"@type\":\"ListItem\",\"position\":1,\"name\":\"Accueil\",\"item\":\"https:\/\/sodiat-aviation.com\/\"},{\"@type\":\"ListItem\",\"position\":2,\"name\":\"Contactez-nous\"}]},{\"@type\":\"WebSite\",\"@id\":\"https:\/\/sodiat-aviation.com\/#website\",\"url\":\"https:\/\/sodiat-aviation.com\/\",\"name\":\"Sodiat Aviation\",\"description\":\"\",\"publisher\":{\"@id\":\"https:\/\/sodiat-aviation.com\/#organization\"},\"potentialAction\":[{\"@type\":\"SearchAction\",\"target\":{\"@type\":\"EntryPoint\",\"urlTemplate\":\"https:\/\/sodiat-aviation.com\/?s={search_term_string}\"},\"query-input\":{\"@type\":\"PropertyValueSpecification\",\"valueRequired\":true,\"valueName\":\"search_term_string\"}}],\"inLanguage\":\"en-GB\"},{\"@type\":\"Organization\",\"@id\":\"https:\/\/sodiat-aviation.com\/#organization\",\"name\":\"Sodiat Aviation\",\"url\":\"https:\/\/sodiat-aviation.com\/\",\"logo\":{\"@type\":\"ImageObject\",\"inLanguage\":\"en-GB\",\"@id\":\"https:\/\/sodiat-aviation.com\/#\/schema\/logo\/image\/\",\"url\":\"https:\/\/sodiat-aviation.com\/wp-content\/uploads\/2024\/09\/LOGO_SODIAT_AVAVIATION_FIRST-TO-FLY-copie-copie.png\",\"contentUrl\":\"https:\/\/sodiat-aviation.com\/wp-content\/uploads\/2024\/09\/LOGO_SODIAT_AVAVIATION_FIRST-TO-FLY-copie-copie.png\",\"width\":340,\"height\":96,\"caption\":\"Sodiat Aviation\"},\"image\":{\"@id\":\"https:\/\/sodiat-aviation.com\/#\/schema\/logo\/image\/\"}}]}<\/script>\n<!-- \/ Yoast SEO plugin. -->","yoast_head_json":{"title":"Contactez-nous - Sodiat Aviation","description":"Discutons ensemble de votre prochaine destination","robots":{"index":"index","follow":"follow","max-snippet":"max-snippet:-1","max-image-preview":"max-image-preview:large","max-video-preview":"max-video-preview:-1"},"canonical":"https:\/\/sodiat-aviation.com\/en\/contactez-nous\/","og_locale":"en_GB","og_type":"article","og_title":"Contactez-nous - Sodiat Aviation","og_description":"Discutons ensemble de votre prochaine destination","og_url":"https:\/\/sodiat-aviation.com\/en\/contactez-nous\/","og_site_name":"Sodiat Aviation","article_modified_time":"2025-06-03T05:53:29+00:00","og_image":[{"width":780,"height":520,"url":"https:\/\/sodiat-aviation.com\/wp-content\/uploads\/2024\/10\/TOA-SKY.png","type":"image\/png"}],"twitter_card":"summary_large_image","twitter_misc":{"Estimated reading time":"1 minute"},"schema":{"@context":"https:\/\/schema.org","@graph":[{"@type":"WebPage","@id":"https:\/\/sodiat-aviation.com\/contactez-nous\/","url":"https:\/\/sodiat-aviation.com\/contactez-nous\/","name":"Contactez-nous - Sodiat Aviation","isPartOf":{"@id":"https:\/\/sodiat-aviation.com\/#website"},"primaryImageOfPage":{"@id":"https:\/\/sodiat-aviation.com\/contactez-nous\/#primaryimage"},"image":{"@id":"https:\/\/sodiat-aviation.com\/contactez-nous\/#primaryimage"},"thumbnailUrl":"https:\/\/sodiat-aviation.com\/wp-content\/uploads\/2024\/10\/TOA-SKY.png","datePublished":"2024-12-03T13:08:37+00:00","dateModified":"2025-06-03T05:53:29+00:00","description":"Discutons ensemble de votre prochaine destination","breadcrumb":{"@id":"https:\/\/sodiat-aviation.com\/contactez-nous\/#breadcrumb"},"inLanguage":"en-GB","potentialAction":[{"@type":"ReadAction","target":["https:\/\/sodiat-aviation.com\/contactez-nous\/"]}]},{"@type":"ImageObject","inLanguage":"en-GB","@id":"https:\/\/sodiat-aviation.com\/contactez-nous\/#primaryimage","url":"https:\/\/sodiat-aviation.com\/wp-content\/uploads\/2024\/10\/TOA-SKY.png","contentUrl":"https:\/\/sodiat-aviation.com\/wp-content\/uploads\/2024\/10\/TOA-SKY.png"},{"@type":"BreadcrumbList","@id":"https:\/\/sodiat-aviation.com\/contactez-nous\/#breadcrumb","itemListElement":[{"@type":"ListItem","position":1,"name":"Accueil","item":"https:\/\/sodiat-aviation.com\/"},{"@type":"ListItem","position":2,"name":"Contactez-nous"}]},{"@type":"WebSite","@id":"https:\/\/sodiat-aviation.com\/#website","url":"https:\/\/sodiat-aviation.com\/","name":"Sodiat Aviation","description":"","publisher":{"@id":"https:\/\/sodiat-aviation.com\/#organization"},"potentialAction":[{"@type":"SearchAction","target":{"@type":"EntryPoint","urlTemplate":"https:\/\/sodiat-aviation.com\/?s={search_term_string}"},"query-input":{"@type":"PropertyValueSpecification","valueRequired":true,"valueName":"search_term_string"}}],"inLanguage":"en-GB"},{"@type":"Organization","@id":"https:\/\/sodiat-aviation.com\/#organization","name":"Sodiat Aviation","url":"https:\/\/sodiat-aviation.com\/","logo":{"@type":"ImageObject","inLanguage":"en-GB","@id":"https:\/\/sodiat-aviation.com\/#\/schema\/logo\/image\/","url":"https:\/\/sodiat-aviation.com\/wp-content\/uploads\/2024\/09\/LOGO_SODIAT_AVAVIATION_FIRST-TO-FLY-copie-copie.png","contentUrl":"https:\/\/sodiat-aviation.com\/wp-content\/uploads\/2024\/09\/LOGO_SODIAT_AVAVIATION_FIRST-TO-FLY-copie-copie.png","width":340,"height":96,"caption":"Sodiat Aviation"},"image":{"@id":"https:\/\/sodiat-aviation.com\/#\/schema\/logo\/image\/"}}]}},"_links":{"self":[{"href":"https:\/\/sodiat-aviation.com\/en\/wp-json\/wp\/v2\/pages\/796","targetHints":{"allow":["GET"]}}],"collection":[{"href":"https:\/\/sodiat-aviation.com\/en\/wp-json\/wp\/v2\/pages"}],"about":[{"href":"https:\/\/sodiat-aviation.com\/en\/wp-json\/wp\/v2\/types\/page"}],"author":[{"embeddable":true,"href":"https:\/\/sodiat-aviation.com\/en\/wp-json\/wp\/v2\/users\/1"}],"replies":[{"embeddable":true,"href":"https:\/\/sodiat-aviation.com\/en\/wp-json\/wp\/v2\/comments?post=796"}],"version-history":[{"count":77,"href":"https:\/\/sodiat-aviation.com\/en\/wp-json\/wp\/v2\/pages\/796\/revisions"}],"predecessor-version":[{"id":1148,"href":"https:\/\/sodiat-aviation.com\/en\/wp-json\/wp\/v2\/pages\/796\/revisions\/1148"}],"wp:attachment":[{"href":"https:\/\/sodiat-aviation.com\/en\/wp-json\/wp\/v2\/media?parent=796"}],"curies":[{"name":"wp","href":"https:\/\/api.w.org\/{rel}","templated":true}]}}