{"id":10,"date":"2024-09-23T05:41:31","date_gmt":"2024-09-23T05:41:31","guid":{"rendered":"https:\/\/sodiataviation-stg.behoririka.mg\/?page_id=10"},"modified":"2025-02-19T08:07:57","modified_gmt":"2025-02-19T08:07:57","slug":"pionnier-du-transport-aerien-prive-a-madagascar","status":"publish","type":"page","link":"https:\/\/sodiat-aviation.com\/en\/","title":{"rendered":"Sodiat Aviation"},"content":{"rendered":"<div data-elementor-type=\"wp-page\" data-elementor-id=\"10\" class=\"elementor elementor-10\" data-elementor-post-type=\"page\">\n\t\t\t\t<div class=\"elementor-element elementor-element-2aa0df2 e-flex e-con-boxed e-con e-parent\" data-id=\"2aa0df2\" data-element_type=\"container\" data-settings=\"{&quot;background_background&quot;:&quot;video&quot;,&quot;background_video_link&quot;:&quot;https:\\\/\\\/sodiat-aviation.com\\\/wp-content\\\/uploads\\\/2024\\\/12\\\/Homepage-1.webm&quot;,&quot;background_play_on_mobile&quot;:&quot;yes&quot;}\">\n\t\t\t\t\t<div class=\"e-con-inner\">\n\t\t<div class=\"elementor-background-video-container\">\n\t\t\t\t\t\t\t<video class=\"elementor-background-video-hosted\" autoplay muted playsinline loop><\/video>\n\t\t\t\t\t<\/div>\t\t\t<\/div>\n\t\t\t\t<\/div>\n\t\t<div class=\"elementor-element elementor-element-e769499 e-flex e-con-boxed e-con e-parent\" data-id=\"e769499\" data-element_type=\"container\" data-settings=\"{&quot;background_background&quot;:&quot;classic&quot;}\">\n\t\t\t\t\t<div class=\"e-con-inner\">\n\t\t\t\t<div class=\"elementor-element elementor-element-c26889a elementor-widget elementor-widget-heading\" data-id=\"c26889a\" data-element_type=\"widget\" data-widget_type=\"heading.default\">\n\t\t\t\t<div class=\"elementor-widget-container\">\n\t\t\t\t\t<h1 class=\"elementor-heading-title elementor-size-default\">Madagascar private air transport pioneer<\/h1>\t\t\t\t<\/div>\n\t\t\t\t<\/div>\n\t\t<div class=\"elementor-element elementor-element-2bc1b3d e-con-full elementor-hidden-desktop elementor-hidden-tablet elementor-hidden-mobile e-flex e-con e-child\" data-id=\"2bc1b3d\" data-element_type=\"container\">\n\t\t<div class=\"elementor-element elementor-element-8c8877a e-con-full elementor-hidden-desktop elementor-hidden-tablet elementor-hidden-mobile e-flex e-con e-child\" data-id=\"8c8877a\" data-element_type=\"container\">\n\t\t\t\t<div class=\"elementor-element elementor-element-5a82c52 elementor-widget elementor-widget-image\" data-id=\"5a82c52\" data-element_type=\"widget\" data-widget_type=\"image.default\">\n\t\t\t\t<div class=\"elementor-widget-container\">\n\t\t\t\t\t\t\t\t\t\t\t\t\t\t\t<img fetchpriority=\"high\" decoding=\"async\" width=\"661\" height=\"134\" src=\"https:\/\/sodiat-aviation.com\/wp-content\/uploads\/2024\/10\/Fichier-2@4x.png\" class=\"attachment-large size-large wp-image-375\" alt=\"\" srcset=\"https:\/\/sodiat-aviation.com\/wp-content\/uploads\/2024\/10\/Fichier-2@4x.png 661w, https:\/\/sodiat-aviation.com\/wp-content\/uploads\/2024\/10\/Fichier-2@4x-300x61.png 300w, https:\/\/sodiat-aviation.com\/wp-content\/uploads\/2024\/10\/Fichier-2@4x-18x4.png 18w\" sizes=\"(max-width: 661px) 100vw, 661px\" \/>\t\t\t\t\t\t\t\t\t\t\t\t\t\t\t<\/div>\n\t\t\t\t<\/div>\n\t\t\t\t<div class=\"elementor-element elementor-element-37a8d17 elementor-widget elementor-widget-text-editor\" data-id=\"37a8d17\" data-element_type=\"widget\" data-widget_type=\"text-editor.default\">\n\t\t\t\t<div class=\"elementor-widget-container\">\n\t\t\t\t\t\t\t\t\t<p><span style=\"font-weight: 400;\">Founded in 1990, the Sodiat Group has established itself as a leader in Madagascar and the Indian Ocean, thanks to its diverse activities and unwavering commitment to excellence and performance.<\/span><\/p>\t\t\t\t\t\t\t\t<\/div>\n\t\t\t\t<\/div>\n\t\t\t\t<\/div>\n\t\t<div class=\"elementor-element elementor-element-e223ce6 e-con-full e-flex e-con e-child\" data-id=\"e223ce6\" data-element_type=\"container\">\n\t\t\t\t<div class=\"elementor-element elementor-element-2d1496b elementor-widget elementor-widget-text-editor\" data-id=\"2d1496b\" data-element_type=\"widget\" data-widget_type=\"text-editor.default\">\n\t\t\t\t<div class=\"elementor-widget-container\">\n\t\t\t\t\t\t\t\t\t<p><span style=\"font-weight: 400;\">Sodiat Aviation regroupe les entreprises phares <br \/>du secteur a\u00e9rien, incluant Trans Ocean Airways, <br \/>Sky Services et Madagascar Aviation. <br \/>Chaque compagnie, partageant la vision <br \/>d\u2019innovation et d\u2019avant-garde du Groupe, <br \/>\u0153uvre avec un m\u00eame objectif : faire de Sodiat le pionnier incontest\u00e9 de l\u2019aviation \u00e0 Madagascar.<br \/>lorem ipsum lorem ipsum lorem ipsum lorem ipsum<br \/><\/span><\/p>\t\t\t\t\t\t\t\t<\/div>\n\t\t\t\t<\/div>\n\t\t\t\t<\/div>\n\t\t<div class=\"elementor-element elementor-element-3827d5d e-con-full e-flex e-con e-child\" data-id=\"3827d5d\" data-element_type=\"container\">\n\t\t\t\t<div class=\"elementor-element elementor-element-0af4f49 elementor-widget elementor-widget-text-editor\" data-id=\"0af4f49\" data-element_type=\"widget\" data-widget_type=\"text-editor.default\">\n\t\t\t\t<div class=\"elementor-widget-container\">\n\t\t\t\t\t\t\t\t\t<p><span style=\"font-weight: 400;\">Avec des segments d&rsquo;activit\u00e9s compl\u00e9mentaires, <br \/>ces compagnies r\u00e9pondent avec pr\u00e9cision aux besoins locaux et r\u00e9gionaux du secteur a\u00e9rien, <br \/>tout en respectant rigoureusement les standards de la r\u00e9glementation de l\u2019aviation civile. Leur expertise et leurs \u00e9quipes d\u00e9vou\u00e9es sont \u00e0 votre service pour garantir des solutions sur mesure, alliant s\u00e9curit\u00e9, confort et excellence.<\/span><\/p>\t\t\t\t\t\t\t\t<\/div>\n\t\t\t\t<\/div>\n\t\t\t\t<\/div>\n\t\t\t\t<\/div>\n\t\t<div class=\"elementor-element elementor-element-57ad27a e-con-full e-flex e-con e-child\" data-id=\"57ad27a\" data-element_type=\"container\">\n\t\t<div class=\"elementor-element elementor-element-f88aaae e-con-full e-flex e-con e-child\" data-id=\"f88aaae\" data-element_type=\"container\">\n\t\t\t\t<div class=\"elementor-element elementor-element-73498f4 elementor-widget elementor-widget-text-editor\" data-id=\"73498f4\" data-element_type=\"widget\" data-widget_type=\"text-editor.default\">\n\t\t\t\t<div class=\"elementor-widget-container\">\n\t\t\t\t\t\t\t\t\t<p>Founded in 1990, the Sodiat Group has established itself as a leader in Madagascar and the Indian Ocean, thanks to its diverse activities and unwavering commitment to excellence and performance.<\/p>\t\t\t\t\t\t\t\t<\/div>\n\t\t\t\t<\/div>\n\t\t\t\t<\/div>\n\t\t<div class=\"elementor-element elementor-element-ec3ff16 e-con-full e-flex e-con e-child\" data-id=\"ec3ff16\" data-element_type=\"container\">\n\t\t\t\t<div class=\"elementor-element elementor-element-4848fba elementor-widget elementor-widget-text-editor\" data-id=\"4848fba\" data-element_type=\"widget\" data-widget_type=\"text-editor.default\">\n\t\t\t\t<div class=\"elementor-widget-container\">\n\t\t\t\t\t\t\t\t\t<p>Sodiat Aviation regroupe les entreprises phares du secteur a\u00e9rien, incluant Trans Ocean Airways, Sky Services <br \/>et Madagascar Aviation.<br \/>Chaque compagnie, partageant la vision d\u2019innovation et d\u2019avant-garde du Groupe, \u0153uvre avec un m\u00eame objectif : faire de Sodiat le pionnier incontest\u00e9 de l\u2019aviation \u00e0 Madagascar.<\/p>\t\t\t\t\t\t\t\t<\/div>\n\t\t\t\t<\/div>\n\t\t\t\t<\/div>\n\t\t<div class=\"elementor-element elementor-element-03fb574 e-con-full e-flex e-con e-child\" data-id=\"03fb574\" data-element_type=\"container\">\n\t\t\t\t<div class=\"elementor-element elementor-element-7bde286 elementor-widget elementor-widget-text-editor\" data-id=\"7bde286\" data-element_type=\"widget\" data-widget_type=\"text-editor.default\">\n\t\t\t\t<div class=\"elementor-widget-container\">\n\t\t\t\t\t\t\t\t\t<p>Avec des segments d\u2019activit\u00e9s compl\u00e9mentaires, ces compagnies r\u00e9pondent avec pr\u00e9cision aux besoins locaux et r\u00e9gionaux du secteur a\u00e9rien, tout en respectant rigoureusement les standards de la r\u00e9glementation de l\u2019aviation civile. Leur expertise et leurs \u00e9quipes d\u00e9vou\u00e9es sont \u00e0 votre service pour garantir des solutions sur mesure, alliant s\u00e9curit\u00e9, confort et excellence.<\/p>\t\t\t\t\t\t\t\t<\/div>\n\t\t\t\t<\/div>\n\t\t\t\t<\/div>\n\t\t\t\t<\/div>\n\t\t<div class=\"elementor-element elementor-element-4238c19 e-con-full e-flex e-con e-child\" data-id=\"4238c19\" data-element_type=\"container\">\n\t\t\t\t<div class=\"elementor-element elementor-element-e316ade elementor-widget elementor-widget-image\" data-id=\"e316ade\" data-element_type=\"widget\" data-widget_type=\"image.default\">\n\t\t\t\t<div class=\"elementor-widget-container\">\n\t\t\t\t\t\t\t\t\t\t\t\t\t\t\t<img decoding=\"async\" width=\"800\" height=\"241\" src=\"https:\/\/sodiat-aviation.com\/wp-content\/uploads\/2024\/09\/Logos-MGCChrono-1024x308.png\" class=\"attachment-large size-large wp-image-68\" alt=\"\" srcset=\"https:\/\/sodiat-aviation.com\/wp-content\/uploads\/2024\/09\/Logos-MGCChrono-1024x308.png 1024w, https:\/\/sodiat-aviation.com\/wp-content\/uploads\/2024\/09\/Logos-MGCChrono-300x90.png 300w\" sizes=\"(max-width: 800px) 100vw, 800px\" \/>\t\t\t\t\t\t\t\t\t\t\t\t\t\t\t<\/div>\n\t\t\t\t<\/div>\n\t\t\t\t<\/div>\n\t\t<div class=\"elementor-element elementor-element-f02b6ac e-con-full e-flex e-con e-child\" data-id=\"f02b6ac\" data-element_type=\"container\">\n\t\t<div class=\"elementor-element elementor-element-cb91a42 e-con-full e-flex e-con e-child\" data-id=\"cb91a42\" data-element_type=\"container\" data-settings=\"{&quot;background_background&quot;:&quot;classic&quot;}\">\n\t\t\t\t<div class=\"elementor-element elementor-element-c27aba5 elementor-widget elementor-widget-heading\" data-id=\"c27aba5\" data-element_type=\"widget\" data-widget_type=\"heading.default\">\n\t\t\t\t<div class=\"elementor-widget-container\">\n\t\t\t\t\t<h2 class=\"elementor-heading-title elementor-size-default\">Private jets &amp; planes charter<\/h2>\t\t\t\t<\/div>\n\t\t\t\t<\/div>\n\t\t\t\t<div class=\"elementor-element elementor-element-f674b35 elementor-widget elementor-widget-heading\" data-id=\"f674b35\" data-element_type=\"widget\" data-widget_type=\"heading.default\">\n\t\t\t\t<div class=\"elementor-widget-container\">\n\t\t\t\t\t<p class=\"elementor-heading-title elementor-size-default\">Sodiat Aviation stands out by offering a diverse range of services, meticulously designed to meet your every need. Whether you're looking for a private jet for business travel or a private plane for tourism, Sodiat Aviation will provide you with a tailor-made solution.<\/p>\t\t\t\t<\/div>\n\t\t\t\t<\/div>\n\t\t\t\t<\/div>\n\t\t<div class=\"elementor-element elementor-element-0869e02 e-con-full e-flex e-con e-child\" data-id=\"0869e02\" data-element_type=\"container\" data-settings=\"{&quot;background_background&quot;:&quot;classic&quot;}\">\n\t\t\t\t<div class=\"elementor-element elementor-element-2e3d3c0 elementor-widget elementor-widget-heading\" data-id=\"2e3d3c0\" data-element_type=\"widget\" data-widget_type=\"heading.default\">\n\t\t\t\t<div class=\"elementor-widget-container\">\n\t\t\t\t\t<h2 class=\"elementor-heading-title elementor-size-default\">Aerial works<\/h2>\t\t\t\t<\/div>\n\t\t\t\t<\/div>\n\t\t\t\t<div class=\"elementor-element elementor-element-5ddde12 elementor-widget elementor-widget-heading\" data-id=\"5ddde12\" data-element_type=\"widget\" data-widget_type=\"heading.default\">\n\t\t\t\t<div class=\"elementor-widget-container\">\n\t\t\t\t\t<p class=\"elementor-heading-title elementor-size-default\">Sodiat Aviation est le partenaire de choix pour les entreprises \net les particuliers ayant des besoins sp\u00e9cifiques en \ntravaux a\u00e9riens : prises de vues a\u00e9riennes, missions de rep\u00e9rage, transport de charges, ou encore diverses op\u00e9rations de maintenance sp\u00e9cialis\u00e9e.\n<\/p>\t\t\t\t<\/div>\n\t\t\t\t<\/div>\n\t\t\t\t<\/div>\n\t\t\t\t<\/div>\n\t\t<div class=\"elementor-element elementor-element-3cb9e7f e-con-full e-flex e-con e-child\" data-id=\"3cb9e7f\" data-element_type=\"container\">\n\t\t<div class=\"elementor-element elementor-element-c7dc551 e-con-full e-flex e-con e-child\" data-id=\"c7dc551\" data-element_type=\"container\" data-settings=\"{&quot;background_background&quot;:&quot;classic&quot;}\">\n\t\t\t\t<div class=\"elementor-element elementor-element-542a932 elementor-widget elementor-widget-heading\" data-id=\"542a932\" data-element_type=\"widget\" data-widget_type=\"heading.default\">\n\t\t\t\t<div class=\"elementor-widget-container\">\n\t\t\t\t\t<h2 class=\"elementor-heading-title elementor-size-default\">Medical evacuations \/ repatriations\n<\/h2>\t\t\t\t<\/div>\n\t\t\t\t<\/div>\n\t\t\t\t<div class=\"elementor-element elementor-element-78d925b elementor-widget elementor-widget-heading\" data-id=\"78d925b\" data-element_type=\"widget\" data-widget_type=\"heading.default\">\n\t\t\t\t<div class=\"elementor-widget-container\">\n\t\t\t\t\t<p class=\"elementor-heading-title elementor-size-default\">Sodiat Aviation also offers its medicalized aircraft for medical evacuations and repatriations. Thanks to its partnership with Ilafy Polyclinic and Madagascar Medical Assistance, you benefit from comprehensive support, including ambulance service, clinic care, and medical flights.<\/p>\t\t\t\t<\/div>\n\t\t\t\t<\/div>\n\t\t\t\t<\/div>\n\t\t<div class=\"elementor-element elementor-element-38761ef e-con-full e-flex e-con e-child\" data-id=\"38761ef\" data-element_type=\"container\" data-settings=\"{&quot;background_background&quot;:&quot;classic&quot;}\">\n\t\t\t\t<div class=\"elementor-element elementor-element-bf8cd84 elementor-widget elementor-widget-heading\" data-id=\"bf8cd84\" data-element_type=\"widget\" data-widget_type=\"heading.default\">\n\t\t\t\t<div class=\"elementor-widget-container\">\n\t\t\t\t\t<h2 class=\"elementor-heading-title elementor-size-default\">CAMO and Maintenance <\/h2>\t\t\t\t<\/div>\n\t\t\t\t<\/div>\n\t\t\t\t<div class=\"elementor-element elementor-element-55e817a elementor-widget elementor-widget-heading\" data-id=\"55e817a\" data-element_type=\"widget\" data-widget_type=\"heading.default\">\n\t\t\t\t<div class=\"elementor-widget-container\">\n\t\t\t\t\t<p class=\"elementor-heading-title elementor-size-default\">Passenger and crew safety is a top priority for Sodiat Aviation. This is why the Group has invested in aircraft maintenance, strictly adhering to inspection protocols and aviation regulations. Through Madagascar Aviation, we assist you with the setup of your Continuing Airworthiness Management Organization, as well as the maintenance, supervision, and servicing of your aircraft.\n<\/p>\t\t\t\t<\/div>\n\t\t\t\t<\/div>\n\t\t\t\t<\/div>\n\t\t\t\t<\/div>\n\t\t<div class=\"elementor-element elementor-element-93de8a8 e-con-full e-flex e-con e-child\" data-id=\"93de8a8\" data-element_type=\"container\">\n\t\t<div class=\"elementor-element elementor-element-8a292b0 e-con-full e-flex e-con e-child\" data-id=\"8a292b0\" data-element_type=\"container\" data-settings=\"{&quot;background_background&quot;:&quot;classic&quot;}\">\n\t\t<div class=\"elementor-element elementor-element-4bfefaa e-con-full e-flex e-con e-child\" data-id=\"4bfefaa\" data-element_type=\"container\">\n\t\t\t\t<div class=\"elementor-element elementor-element-7da3c49 elementor-widget elementor-widget-html\" data-id=\"7da3c49\" data-element_type=\"widget\" data-widget_type=\"html.default\">\n\t\t\t\t<div class=\"elementor-widget-container\">\n\t\t\t\t\t<a href=\"\/en\/contactez-nous\/\" class=\"btns pink\">Book now<\/a>\t\t\t\t<\/div>\n\t\t\t\t<\/div>\n\t\t\t\t<\/div>\n\t\t\t\t<\/div>\n\t\t\t\t<\/div>\n\t\t\t\t\t<\/div>\n\t\t\t\t<\/div>\n\t\t\t\t<\/div>","protected":false},"excerpt":{"rendered":"<p>Pionnier du transport a\u00e9rien priv\u00e9 \u00e0 Madagascar Fond\u00e9 en 1990, le Groupe Sodiat s\u2019est impos\u00e9 comme une r\u00e9f\u00e9rence \u00e0 Madagascar et dans l\u2019Oc\u00e9an Indien, gr\u00e2ce \u00e0 la diversit\u00e9 de ses activit\u00e9s et son engagement constant pour l\u2019excellence et la performance. Sodiat Aviation regroupe les entreprises phares du secteur a\u00e9rien, incluant Trans Ocean Airways, Sky Services [&hellip;]<\/p>","protected":false},"author":1,"featured_media":910,"parent":0,"menu_order":0,"comment_status":"closed","ping_status":"closed","template":"elementor_header_footer","meta":{"footnotes":""},"class_list":["post-10","page","type-page","status-publish","has-post-thumbnail","hentry"],"yoast_head":"<!-- This site is optimized with the Yoast SEO plugin v25.3.1 - https:\/\/yoast.com\/wordpress\/plugins\/seo\/ -->\n<title>Sodiat Aviation - Pionnier du transport a\u00e9rien priv\u00e9 \u00e0 Madagascar<\/title>\n<meta name=\"description\" content=\"Fond\u00e9 en 1990, le Groupe Sodiat s\u2019est impos\u00e9 comme une r\u00e9f\u00e9rence \u00e0 Madagascar et dans l\u2019Oc\u00e9an Indien, gr\u00e2ce \u00e0 la diversit\u00e9 de ses activit\u00e9s et son engagement constant pour l\u2019excellence et la performance.\" \/>\n<meta name=\"robots\" content=\"index, follow, max-snippet:-1, max-image-preview:large, max-video-preview:-1\" \/>\n<link rel=\"canonical\" href=\"https:\/\/sodiat-aviation.com\/en\/\" \/>\n<meta property=\"og:locale\" content=\"en_GB\" \/>\n<meta property=\"og:type\" content=\"article\" \/>\n<meta property=\"og:title\" content=\"Sodiat Aviation - Pionnier du transport a\u00e9rien priv\u00e9 \u00e0 Madagascar\" \/>\n<meta property=\"og:description\" content=\"Fond\u00e9 en 1990, le Groupe Sodiat s\u2019est impos\u00e9 comme une r\u00e9f\u00e9rence \u00e0 Madagascar et dans l\u2019Oc\u00e9an Indien, gr\u00e2ce \u00e0 la diversit\u00e9 de ses activit\u00e9s et son engagement constant pour l\u2019excellence et la performance.\" \/>\n<meta property=\"og:url\" content=\"https:\/\/sodiat-aviation.com\/en\/\" \/>\n<meta property=\"og:site_name\" content=\"Sodiat Aviation\" \/>\n<meta property=\"article:modified_time\" content=\"2025-02-19T08:07:57+00:00\" \/>\n<meta property=\"og:image\" content=\"https:\/\/sodiat-aviation.com\/wp-content\/uploads\/2024\/12\/Slider-TOA-Evasan.jpg\" \/>\n\t<meta property=\"og:image:width\" content=\"1140\" \/>\n\t<meta property=\"og:image:height\" content=\"595\" \/>\n\t<meta property=\"og:image:type\" content=\"image\/jpeg\" \/>\n<meta name=\"twitter:card\" content=\"summary_large_image\" \/>\n<meta name=\"twitter:label1\" content=\"Estimated reading time\" \/>\n\t<meta name=\"twitter:data1\" content=\"3 minutes\" \/>\n<script type=\"application\/ld+json\" class=\"yoast-schema-graph\">{\"@context\":\"https:\/\/schema.org\",\"@graph\":[{\"@type\":\"WebPage\",\"@id\":\"https:\/\/sodiat-aviation.com\/\",\"url\":\"https:\/\/sodiat-aviation.com\/\",\"name\":\"Sodiat Aviation - Pionnier du transport a\u00e9rien priv\u00e9 \u00e0 Madagascar\",\"isPartOf\":{\"@id\":\"https:\/\/sodiat-aviation.com\/#website\"},\"primaryImageOfPage\":{\"@id\":\"https:\/\/sodiat-aviation.com\/#primaryimage\"},\"image\":{\"@id\":\"https:\/\/sodiat-aviation.com\/#primaryimage\"},\"thumbnailUrl\":\"https:\/\/sodiat-aviation.com\/wp-content\/uploads\/2024\/12\/Slider-TOA-Evasan.jpg\",\"datePublished\":\"2024-09-23T05:41:31+00:00\",\"dateModified\":\"2025-02-19T08:07:57+00:00\",\"description\":\"Fond\u00e9 en 1990, le Groupe Sodiat s\u2019est impos\u00e9 comme une r\u00e9f\u00e9rence \u00e0 Madagascar et dans l\u2019Oc\u00e9an Indien, gr\u00e2ce \u00e0 la diversit\u00e9 de ses activit\u00e9s et son engagement constant pour l\u2019excellence et la performance.\",\"breadcrumb\":{\"@id\":\"https:\/\/sodiat-aviation.com\/#breadcrumb\"},\"inLanguage\":\"en-GB\",\"potentialAction\":[{\"@type\":\"ReadAction\",\"target\":[\"https:\/\/sodiat-aviation.com\/\"]}]},{\"@type\":\"ImageObject\",\"inLanguage\":\"en-GB\",\"@id\":\"https:\/\/sodiat-aviation.com\/#primaryimage\",\"url\":\"https:\/\/sodiat-aviation.com\/wp-content\/uploads\/2024\/12\/Slider-TOA-Evasan.jpg\",\"contentUrl\":\"https:\/\/sodiat-aviation.com\/wp-content\/uploads\/2024\/12\/Slider-TOA-Evasan.jpg\",\"width\":1140,\"height\":595},{\"@type\":\"BreadcrumbList\",\"@id\":\"https:\/\/sodiat-aviation.com\/#breadcrumb\",\"itemListElement\":[{\"@type\":\"ListItem\",\"position\":1,\"name\":\"Accueil\",\"item\":\"https:\/\/sodiat-aviation.com\/\"},{\"@type\":\"ListItem\",\"position\":2,\"name\":\"Sodiat Aviation\"}]},{\"@type\":\"WebSite\",\"@id\":\"https:\/\/sodiat-aviation.com\/#website\",\"url\":\"https:\/\/sodiat-aviation.com\/\",\"name\":\"Sodiat Aviation\",\"description\":\"\",\"publisher\":{\"@id\":\"https:\/\/sodiat-aviation.com\/#organization\"},\"potentialAction\":[{\"@type\":\"SearchAction\",\"target\":{\"@type\":\"EntryPoint\",\"urlTemplate\":\"https:\/\/sodiat-aviation.com\/?s={search_term_string}\"},\"query-input\":{\"@type\":\"PropertyValueSpecification\",\"valueRequired\":true,\"valueName\":\"search_term_string\"}}],\"inLanguage\":\"en-GB\"},{\"@type\":\"Organization\",\"@id\":\"https:\/\/sodiat-aviation.com\/#organization\",\"name\":\"Sodiat Aviation\",\"url\":\"https:\/\/sodiat-aviation.com\/\",\"logo\":{\"@type\":\"ImageObject\",\"inLanguage\":\"en-GB\",\"@id\":\"https:\/\/sodiat-aviation.com\/#\/schema\/logo\/image\/\",\"url\":\"https:\/\/sodiat-aviation.com\/wp-content\/uploads\/2024\/09\/LOGO_SODIAT_AVAVIATION_FIRST-TO-FLY-copie-copie.png\",\"contentUrl\":\"https:\/\/sodiat-aviation.com\/wp-content\/uploads\/2024\/09\/LOGO_SODIAT_AVAVIATION_FIRST-TO-FLY-copie-copie.png\",\"width\":340,\"height\":96,\"caption\":\"Sodiat Aviation\"},\"image\":{\"@id\":\"https:\/\/sodiat-aviation.com\/#\/schema\/logo\/image\/\"}}]}<\/script>\n<!-- \/ Yoast SEO plugin. -->","yoast_head_json":{"title":"Sodiat Aviation - Pionnier du transport a\u00e9rien priv\u00e9 \u00e0 Madagascar","description":"Fond\u00e9 en 1990, le Groupe Sodiat s\u2019est impos\u00e9 comme une r\u00e9f\u00e9rence \u00e0 Madagascar et dans l\u2019Oc\u00e9an Indien, gr\u00e2ce \u00e0 la diversit\u00e9 de ses activit\u00e9s et son engagement constant pour l\u2019excellence et la performance.","robots":{"index":"index","follow":"follow","max-snippet":"max-snippet:-1","max-image-preview":"max-image-preview:large","max-video-preview":"max-video-preview:-1"},"canonical":"https:\/\/sodiat-aviation.com\/en\/","og_locale":"en_GB","og_type":"article","og_title":"Sodiat Aviation - Pionnier du transport a\u00e9rien priv\u00e9 \u00e0 Madagascar","og_description":"Fond\u00e9 en 1990, le Groupe Sodiat s\u2019est impos\u00e9 comme une r\u00e9f\u00e9rence \u00e0 Madagascar et dans l\u2019Oc\u00e9an Indien, gr\u00e2ce \u00e0 la diversit\u00e9 de ses activit\u00e9s et son engagement constant pour l\u2019excellence et la performance.","og_url":"https:\/\/sodiat-aviation.com\/en\/","og_site_name":"Sodiat Aviation","article_modified_time":"2025-02-19T08:07:57+00:00","og_image":[{"width":1140,"height":595,"url":"https:\/\/sodiat-aviation.com\/wp-content\/uploads\/2024\/12\/Slider-TOA-Evasan.jpg","type":"image\/jpeg"}],"twitter_card":"summary_large_image","twitter_misc":{"Estimated reading time":"3 minutes"},"schema":{"@context":"https:\/\/schema.org","@graph":[{"@type":"WebPage","@id":"https:\/\/sodiat-aviation.com\/","url":"https:\/\/sodiat-aviation.com\/","name":"Sodiat Aviation - Pionnier du transport a\u00e9rien priv\u00e9 \u00e0 Madagascar","isPartOf":{"@id":"https:\/\/sodiat-aviation.com\/#website"},"primaryImageOfPage":{"@id":"https:\/\/sodiat-aviation.com\/#primaryimage"},"image":{"@id":"https:\/\/sodiat-aviation.com\/#primaryimage"},"thumbnailUrl":"https:\/\/sodiat-aviation.com\/wp-content\/uploads\/2024\/12\/Slider-TOA-Evasan.jpg","datePublished":"2024-09-23T05:41:31+00:00","dateModified":"2025-02-19T08:07:57+00:00","description":"Fond\u00e9 en 1990, le Groupe Sodiat s\u2019est impos\u00e9 comme une r\u00e9f\u00e9rence \u00e0 Madagascar et dans l\u2019Oc\u00e9an Indien, gr\u00e2ce \u00e0 la diversit\u00e9 de ses activit\u00e9s et son engagement constant pour l\u2019excellence et la performance.","breadcrumb":{"@id":"https:\/\/sodiat-aviation.com\/#breadcrumb"},"inLanguage":"en-GB","potentialAction":[{"@type":"ReadAction","target":["https:\/\/sodiat-aviation.com\/"]}]},{"@type":"ImageObject","inLanguage":"en-GB","@id":"https:\/\/sodiat-aviation.com\/#primaryimage","url":"https:\/\/sodiat-aviation.com\/wp-content\/uploads\/2024\/12\/Slider-TOA-Evasan.jpg","contentUrl":"https:\/\/sodiat-aviation.com\/wp-content\/uploads\/2024\/12\/Slider-TOA-Evasan.jpg","width":1140,"height":595},{"@type":"BreadcrumbList","@id":"https:\/\/sodiat-aviation.com\/#breadcrumb","itemListElement":[{"@type":"ListItem","position":1,"name":"Accueil","item":"https:\/\/sodiat-aviation.com\/"},{"@type":"ListItem","position":2,"name":"Sodiat Aviation"}]},{"@type":"WebSite","@id":"https:\/\/sodiat-aviation.com\/#website","url":"https:\/\/sodiat-aviation.com\/","name":"Sodiat Aviation","description":"","publisher":{"@id":"https:\/\/sodiat-aviation.com\/#organization"},"potentialAction":[{"@type":"SearchAction","target":{"@type":"EntryPoint","urlTemplate":"https:\/\/sodiat-aviation.com\/?s={search_term_string}"},"query-input":{"@type":"PropertyValueSpecification","valueRequired":true,"valueName":"search_term_string"}}],"inLanguage":"en-GB"},{"@type":"Organization","@id":"https:\/\/sodiat-aviation.com\/#organization","name":"Sodiat Aviation","url":"https:\/\/sodiat-aviation.com\/","logo":{"@type":"ImageObject","inLanguage":"en-GB","@id":"https:\/\/sodiat-aviation.com\/#\/schema\/logo\/image\/","url":"https:\/\/sodiat-aviation.com\/wp-content\/uploads\/2024\/09\/LOGO_SODIAT_AVAVIATION_FIRST-TO-FLY-copie-copie.png","contentUrl":"https:\/\/sodiat-aviation.com\/wp-content\/uploads\/2024\/09\/LOGO_SODIAT_AVAVIATION_FIRST-TO-FLY-copie-copie.png","width":340,"height":96,"caption":"Sodiat Aviation"},"image":{"@id":"https:\/\/sodiat-aviation.com\/#\/schema\/logo\/image\/"}}]}},"_links":{"self":[{"href":"https:\/\/sodiat-aviation.com\/en\/wp-json\/wp\/v2\/pages\/10","targetHints":{"allow":["GET"]}}],"collection":[{"href":"https:\/\/sodiat-aviation.com\/en\/wp-json\/wp\/v2\/pages"}],"about":[{"href":"https:\/\/sodiat-aviation.com\/en\/wp-json\/wp\/v2\/types\/page"}],"author":[{"embeddable":true,"href":"https:\/\/sodiat-aviation.com\/en\/wp-json\/wp\/v2\/users\/1"}],"replies":[{"embeddable":true,"href":"https:\/\/sodiat-aviation.com\/en\/wp-json\/wp\/v2\/comments?post=10"}],"version-history":[{"count":45,"href":"https:\/\/sodiat-aviation.com\/en\/wp-json\/wp\/v2\/pages\/10\/revisions"}],"predecessor-version":[{"id":1137,"href":"https:\/\/sodiat-aviation.com\/en\/wp-json\/wp\/v2\/pages\/10\/revisions\/1137"}],"wp:featuredmedia":[{"embeddable":true,"href":"https:\/\/sodiat-aviation.com\/en\/wp-json\/wp\/v2\/media\/910"}],"wp:attachment":[{"href":"https:\/\/sodiat-aviation.com\/en\/wp-json\/wp\/v2\/media?parent=10"}],"curies":[{"name":"wp","href":"https:\/\/api.w.org\/{rel}","templated":true}]}}